{"id":4408,"date":"2025-03-03T07:29:39","date_gmt":"2025-03-03T07:29:39","guid":{"rendered":"https:\/\/www.saveourseeds.org\/?page_id=4408"},"modified":"2025-04-01T12:26:21","modified_gmt":"2025-04-01T12:26:21","slug":"foerderung","status":"publish","type":"page","link":"https:\/\/www.saveourseeds.org\/de\/ueber-uns\/foerderung\/","title":{"rendered":"Finanzierung"},"content":{"rendered":"\n<p>Die Arbeit von <strong>Save Our Seeds<\/strong> wird aktu\u00adell von meh\u00adre\u00adren Stif\u00adtun\u00adgen gef\u00f6r\u00addert:<\/p>\n\n\n\n<div class=\"wp-block-stackable-columns stk-block-columns stk-block stk-e0e0800\" data-block-id=\"e0e0800\"><style>.stk-e0e0800 {min-height:80px !important;}<\/style><div class=\"stk-row stk-inner-blocks stk-block-content stk-content-align stk-e0e0800-column\">\n<div class=\"wp-block-stackable-column stk-block-column stk-column stk-block stk-896081c\" data-v=\"4\" data-block-id=\"896081c\"><style>.stk-896081c-inner-blocks{justify-content:flex-start !important;}<\/style><div class=\"stk-column-wrapper stk-block-column__content stk-container stk-896081c-container stk--no-background stk--no-padding\"><div class=\"stk--block-horizontal-flex stk--column-flex stk-block-content stk-inner-blocks stk-896081c-inner-blocks\"><div class=\"wp-block-image\">\n<figure class=\"alignleft size-full is-resized\"><a href=\"https:\/\/www.gen-ethische-stiftung.de\"><img decoding=\"async\" width=\"850\" height=\"550\" src=\"https:\/\/www.saveourseeds.org\/wp-content\/uploads\/logo-gen-ethische-stiftung.png\" alt=\"Logo Gen-ethische Stiftung\" class=\"wp-image-5391\" style=\"width:auto;height:80px\" srcset=\"https:\/\/www.saveourseeds.org\/wp-content\/uploads\/logo-gen-ethische-stiftung.png 850w, https:\/\/www.saveourseeds.org\/wp-content\/uploads\/logo-gen-ethische-stiftung-300x194.png 300w, https:\/\/www.saveourseeds.org\/wp-content\/uploads\/logo-gen-ethische-stiftung-768x497.png 768w, https:\/\/www.saveourseeds.org\/wp-content\/uploads\/logo-gen-ethische-stiftung-370x239.png 370w, https:\/\/www.saveourseeds.org\/wp-content\/uploads\/logo-gen-ethische-stiftung-760x492.png 760w, https:\/\/www.saveourseeds.org\/wp-content\/uploads\/logo-gen-ethische-stiftung-387x250.png 387w, https:\/\/www.saveourseeds.org\/wp-content\/uploads\/logo-gen-ethische-stiftung-500x324.png 500w\" sizes=\"(max-width: 850px) 100vw, 850px\"><\/a><\/figure>\n<\/div>\n\n<div class=\"wp-block-image\">\n<figure class=\"alignleft size-full is-resized\"><a href=\"https:\/\/www.stiftung-gekko.de\"><img decoding=\"async\" width=\"1116\" height=\"529\" src=\"https:\/\/www.saveourseeds.org\/wp-content\/uploads\/logo-stiftung-gekko.png\" alt=\"Logo Stiftung GEKKO\" class=\"wp-image-5393\" style=\"width:auto;height:80px\" srcset=\"https:\/\/www.saveourseeds.org\/wp-content\/uploads\/logo-stiftung-gekko.png 1116w, https:\/\/www.saveourseeds.org\/wp-content\/uploads\/logo-stiftung-gekko-300x142.png 300w, https:\/\/www.saveourseeds.org\/wp-content\/uploads\/logo-stiftung-gekko-1024x485.png 1024w, https:\/\/www.saveourseeds.org\/wp-content\/uploads\/logo-stiftung-gekko-768x364.png 768w, https:\/\/www.saveourseeds.org\/wp-content\/uploads\/logo-stiftung-gekko-370x175.png 370w, https:\/\/www.saveourseeds.org\/wp-content\/uploads\/logo-stiftung-gekko-760x360.png 760w, https:\/\/www.saveourseeds.org\/wp-content\/uploads\/logo-stiftung-gekko-387x183.png 387w, https:\/\/www.saveourseeds.org\/wp-content\/uploads\/logo-stiftung-gekko-500x237.png 500w\" sizes=\"(max-width: 1116px) 100vw, 1116px\"><\/a><\/figure>\n<\/div>\n\n<div class=\"wp-block-image\">\n<figure class=\"alignleft size-full is-resized\"><a href=\"https:\/\/maryon.ch\"><img decoding=\"async\" width=\"591\" height=\"180\" src=\"https:\/\/www.saveourseeds.org\/wp-content\/uploads\/logo-sem.png\" alt=\"Logo Stiftung Edith Maryon\" class=\"wp-image-5395\" style=\"width:auto;height:80px\" srcset=\"https:\/\/www.saveourseeds.org\/wp-content\/uploads\/logo-sem.png 591w, https:\/\/www.saveourseeds.org\/wp-content\/uploads\/logo-sem-300x91.png 300w, https:\/\/www.saveourseeds.org\/wp-content\/uploads\/logo-sem-370x113.png 370w, https:\/\/www.saveourseeds.org\/wp-content\/uploads\/logo-sem-387x118.png 387w, https:\/\/www.saveourseeds.org\/wp-content\/uploads\/logo-sem-500x152.png 500w\" sizes=\"(max-width: 591px) 100vw, 591px\"><\/a><\/figure>\n<\/div>\n\n<div class=\"wp-block-image\">\n<figure class=\"alignleft size-full is-resized\"><a href=\"https:\/\/www.sagst.de\"><img decoding=\"async\" width=\"800\" height=\"236\" src=\"https:\/\/www.saveourseeds.org\/wp-content\/uploads\/logo-sagst.png\" alt=\"Logo Software AG Stiftung\" class=\"wp-image-5397\" style=\"width:auto;height:80px\" srcset=\"https:\/\/www.saveourseeds.org\/wp-content\/uploads\/logo-sagst.png 800w, https:\/\/www.saveourseeds.org\/wp-content\/uploads\/logo-sagst-300x89.png 300w, https:\/\/www.saveourseeds.org\/wp-content\/uploads\/logo-sagst-768x227.png 768w, https:\/\/www.saveourseeds.org\/wp-content\/uploads\/logo-sagst-370x109.png 370w, https:\/\/www.saveourseeds.org\/wp-content\/uploads\/logo-sagst-760x224.png 760w, https:\/\/www.saveourseeds.org\/wp-content\/uploads\/logo-sagst-387x114.png 387w, https:\/\/www.saveourseeds.org\/wp-content\/uploads\/logo-sagst-500x148.png 500w\" sizes=\"(max-width: 800px) 100vw, 800px\"><\/a><\/figure>\n<\/div><\/div><\/div><\/div>\n<\/div><\/div>\n\n\n\n<p><\/p>\n\n\n\n<h2 class=\"wp-block-heading\"><strong>Ihre Spende z\u00e4hlt!<\/strong><\/h2>\n\n\n\n<p>Mit Ihrer Spen\u00adde unter\u00adst\u00fct\u00adzen Sie <strong>Save Our Seeds<\/strong> in unse\u00adrem Enga\u00adge\u00adment f\u00fcr den Schutz von Umwelt und Natur.<\/p>\n\n\n\n<div class=\"wp-block-stackable-button-group stk-block-button-group stk-block stk-364d97f\" data-block-id=\"364d97f\"><div class=\"stk-row stk-inner-blocks stk-block-content stk-button-group\">\n<div class=\"wp-block-stackable-button stk-block-button stk-block stk-c3d405f\" data-block-id=\"c3d405f\"><style>.stk-c3d405f .stk-button{background:#650b25 !important;border-top-left-radius:6px !important;border-top-right-radius:6px !important;border-bottom-right-radius:6px !important;border-bottom-left-radius:6px !important;}.stk-c3d405f .stk-button__inner-text{color:#ffffff !important;font-weight:600 !important;}<\/style><a class=\"stk-link stk-button stk--hover-effect-darken\" href=\"https:\/\/www.saveourseeds.org\/de\/ueber-uns\/spenden\/\"><span class=\"has-text-color stk-button__inner-text\">Jetzt spen\u00adden<\/span><\/a><\/div>\n<\/div><\/div>\n","protected":false},"excerpt":{"rendered":"<p>Die Arbeit von Save Our Seeds wird aktu\u00adell von meh\u00adre\u00adren Stif\u00adtun\u00adgen gef\u00f6r\u00addert: Ihre Spen\u00adde z\u00e4hlt! Mit Ihrer Spen\u00adde unter\u00adst\u00fct\u00adzen Sie Save Our Seeds in unse\u00adrem Enga\u00adge\u00adment f\u00fcr den Schutz von Umwelt und Natur. Jetzt spen\u00adden<\/p>\n","protected":false},"author":1,"featured_media":0,"parent":1461,"menu_order":4,"comment_status":"closed","ping_status":"closed","template":"","meta":{"wp_typography_post_enhancements_disabled":false,"footnotes":""},"class_list":["post-4408","page","type-page","status-publish","hentry"],"yoast_head":"<!-- This site is optimized with the Yoast SEO Premium plugin v26.5 (Yoast SEO v26.5) - https:\/\/yoast.com\/wordpress\/plugins\/seo\/ -->\n<title>Finanzierung - Save Our Seeds<\/title>\n<meta name=\"description\" content=\"Die Arbeit von Save Our Seeds wird aktuell von mehreren Stiftungen gef\u00f6rdert: Ihre Spende z\u00e4hlt! Mit Ihrer Spende unterst\u00fctzen Sie Save Our Seeds in\" \/>\n<meta name=\"robots\" content=\"index, follow, max-snippet:-1, max-image-preview:large, max-video-preview:-1\" \/>\n<link rel=\"canonical\" href=\"https:\/\/www.saveourseeds.org\/de\/ueber-uns\/foerderung\/\" \/>\n<meta property=\"og:locale\" content=\"de_DE\" \/>\n<meta property=\"og:type\" content=\"article\" \/>\n<meta property=\"og:title\" content=\"Finanzierung\" \/>\n<meta property=\"og:description\" content=\"Die Arbeit von Save Our Seeds wird aktuell von mehreren Stiftungen gef\u00f6rdert: Ihre Spende z\u00e4hlt! Mit Ihrer Spende unterst\u00fctzen Sie Save Our Seeds in\" \/>\n<meta property=\"og:url\" content=\"https:\/\/www.saveourseeds.org\/de\/ueber-uns\/foerderung\/\" \/>\n<meta property=\"og:site_name\" content=\"Save Our Seeds\" \/>\n<meta property=\"article:modified_time\" content=\"2025-04-01T12:26:21+00:00\" \/>\n<meta property=\"og:image\" content=\"https:\/\/www.saveourseeds.org\/wp-content\/uploads\/logo-gen-ethische-stiftung.png\" \/>\n<meta name=\"twitter:card\" content=\"summary_large_image\" \/>\n<meta name=\"twitter:label1\" content=\"Gesch\u00e4tzte Lesezeit\" \/>\n\t<meta name=\"twitter:data1\" content=\"1\u00a0Minute\" \/>\n<script type=\"application\/ld+json\" class=\"yoast-schema-graph\">{\"@context\":\"https:\/\/schema.org\",\"@graph\":[{\"@type\":\"WebPage\",\"@id\":\"https:\/\/www.saveourseeds.org\/de\/ueber-uns\/foerderung\/\",\"url\":\"https:\/\/www.saveourseeds.org\/de\/ueber-uns\/foerderung\/\",\"name\":\"Finanzierung - Save Our Seeds\",\"isPartOf\":{\"@id\":\"https:\/\/www.saveourseeds.org\/de\/#website\"},\"primaryImageOfPage\":{\"@id\":\"https:\/\/www.saveourseeds.org\/de\/ueber-uns\/foerderung\/#primaryimage\"},\"image\":{\"@id\":\"https:\/\/www.saveourseeds.org\/de\/ueber-uns\/foerderung\/#primaryimage\"},\"thumbnailUrl\":\"https:\/\/www.saveourseeds.org\/wp-content\/uploads\/logo-gen-ethische-stiftung.png\",\"datePublished\":\"2025-03-03T07:29:39+00:00\",\"dateModified\":\"2025-04-01T12:26:21+00:00\",\"description\":\"Die Arbeit von Save Our Seeds wird aktuell von mehreren Stiftungen gef\u00f6rdert: Ihre Spende z\u00e4hlt! Mit Ihrer Spende unterst\u00fctzen Sie Save Our Seeds in\",\"breadcrumb\":{\"@id\":\"https:\/\/www.saveourseeds.org\/de\/ueber-uns\/foerderung\/#breadcrumb\"},\"inLanguage\":\"de\",\"potentialAction\":[{\"@type\":\"ReadAction\",\"target\":[\"https:\/\/www.saveourseeds.org\/de\/ueber-uns\/foerderung\/\"]}]},{\"@type\":\"ImageObject\",\"inLanguage\":\"de\",\"@id\":\"https:\/\/www.saveourseeds.org\/de\/ueber-uns\/foerderung\/#primaryimage\",\"url\":\"https:\/\/www.saveourseeds.org\/wp-content\/uploads\/logo-gen-ethische-stiftung.png\",\"contentUrl\":\"https:\/\/www.saveourseeds.org\/wp-content\/uploads\/logo-gen-ethische-stiftung.png\"},{\"@type\":\"BreadcrumbList\",\"@id\":\"https:\/\/www.saveourseeds.org\/de\/ueber-uns\/foerderung\/#breadcrumb\",\"itemListElement\":[{\"@type\":\"ListItem\",\"position\":1,\"name\":\"Home\",\"item\":\"https:\/\/www.saveourseeds.org\/de\/\"},{\"@type\":\"ListItem\",\"position\":2,\"name\":\"\u00dcber uns\",\"item\":\"https:\/\/www.saveourseeds.org\/de\/ueber-uns\/\"},{\"@type\":\"ListItem\",\"position\":3,\"name\":\"Finanzierung\"}]},{\"@type\":\"WebSite\",\"@id\":\"https:\/\/www.saveourseeds.org\/de\/#website\",\"url\":\"https:\/\/www.saveourseeds.org\/de\/\",\"name\":\"Save Our Seeds\",\"description\":\"\",\"publisher\":{\"@id\":\"https:\/\/www.saveourseeds.org\/de\/#organization\"},\"potentialAction\":[{\"@type\":\"SearchAction\",\"target\":{\"@type\":\"EntryPoint\",\"urlTemplate\":\"https:\/\/www.saveourseeds.org\/de\/?s={search_term_string}\"},\"query-input\":{\"@type\":\"PropertyValueSpecification\",\"valueRequired\":true,\"valueName\":\"search_term_string\"}}],\"inLanguage\":\"de\"},{\"@type\":\"Organization\",\"@id\":\"https:\/\/www.saveourseeds.org\/de\/#organization\",\"name\":\"Save Our Seeds\",\"url\":\"https:\/\/www.saveourseeds.org\/de\/\",\"logo\":{\"@type\":\"ImageObject\",\"inLanguage\":\"de\",\"@id\":\"https:\/\/www.saveourseeds.org\/de\/#\/schema\/logo\/image\/\",\"url\":\"https:\/\/www.saveourseeds.org\/wp-content\/uploads\/t3\/saveourseeds.png\",\"contentUrl\":\"https:\/\/www.saveourseeds.org\/wp-content\/uploads\/t3\/saveourseeds.png\",\"width\":185,\"height\":96,\"caption\":\"Save Our Seeds\"},\"image\":{\"@id\":\"https:\/\/www.saveourseeds.org\/de\/#\/schema\/logo\/image\/\"}}]}<\/script>\n<!-- \/ Yoast SEO Premium plugin. -->","yoast_head_json":{"title":"Finanzierung - Save Our Seeds","description":"Die Arbeit von Save Our Seeds wird aktuell von mehreren Stiftungen gef\u00f6rdert: Ihre Spende z\u00e4hlt! Mit Ihrer Spende unterst\u00fctzen Sie Save Our Seeds in","robots":{"index":"index","follow":"follow","max-snippet":"max-snippet:-1","max-image-preview":"max-image-preview:large","max-video-preview":"max-video-preview:-1"},"canonical":"https:\/\/www.saveourseeds.org\/de\/ueber-uns\/foerderung\/","og_locale":"de_DE","og_type":"article","og_title":"Finanzierung","og_description":"Die Arbeit von Save Our Seeds wird aktuell von mehreren Stiftungen gef\u00f6rdert: Ihre Spende z\u00e4hlt! Mit Ihrer Spende unterst\u00fctzen Sie Save Our Seeds in","og_url":"https:\/\/www.saveourseeds.org\/de\/ueber-uns\/foerderung\/","og_site_name":"Save Our Seeds","article_modified_time":"2025-04-01T12:26:21+00:00","og_image":[{"url":"https:\/\/www.saveourseeds.org\/wp-content\/uploads\/logo-gen-ethische-stiftung.png","type":"","width":"","height":""}],"twitter_card":"summary_large_image","twitter_misc":{"Gesch\u00e4tzte Lesezeit":"1\u00a0Minute"},"schema":{"@context":"https:\/\/schema.org","@graph":[{"@type":"WebPage","@id":"https:\/\/www.saveourseeds.org\/de\/ueber-uns\/foerderung\/","url":"https:\/\/www.saveourseeds.org\/de\/ueber-uns\/foerderung\/","name":"Finanzierung - Save Our Seeds","isPartOf":{"@id":"https:\/\/www.saveourseeds.org\/de\/#website"},"primaryImageOfPage":{"@id":"https:\/\/www.saveourseeds.org\/de\/ueber-uns\/foerderung\/#primaryimage"},"image":{"@id":"https:\/\/www.saveourseeds.org\/de\/ueber-uns\/foerderung\/#primaryimage"},"thumbnailUrl":"https:\/\/www.saveourseeds.org\/wp-content\/uploads\/logo-gen-ethische-stiftung.png","datePublished":"2025-03-03T07:29:39+00:00","dateModified":"2025-04-01T12:26:21+00:00","description":"Die Arbeit von Save Our Seeds wird aktuell von mehreren Stiftungen gef\u00f6rdert: Ihre Spende z\u00e4hlt! Mit Ihrer Spende unterst\u00fctzen Sie Save Our Seeds in","breadcrumb":{"@id":"https:\/\/www.saveourseeds.org\/de\/ueber-uns\/foerderung\/#breadcrumb"},"inLanguage":"de","potentialAction":[{"@type":"ReadAction","target":["https:\/\/www.saveourseeds.org\/de\/ueber-uns\/foerderung\/"]}]},{"@type":"ImageObject","inLanguage":"de","@id":"https:\/\/www.saveourseeds.org\/de\/ueber-uns\/foerderung\/#primaryimage","url":"https:\/\/www.saveourseeds.org\/wp-content\/uploads\/logo-gen-ethische-stiftung.png","contentUrl":"https:\/\/www.saveourseeds.org\/wp-content\/uploads\/logo-gen-ethische-stiftung.png"},{"@type":"BreadcrumbList","@id":"https:\/\/www.saveourseeds.org\/de\/ueber-uns\/foerderung\/#breadcrumb","itemListElement":[{"@type":"ListItem","position":1,"name":"Home","item":"https:\/\/www.saveourseeds.org\/de\/"},{"@type":"ListItem","position":2,"name":"\u00dcber uns","item":"https:\/\/www.saveourseeds.org\/de\/ueber-uns\/"},{"@type":"ListItem","position":3,"name":"Finanzierung"}]},{"@type":"WebSite","@id":"https:\/\/www.saveourseeds.org\/de\/#website","url":"https:\/\/www.saveourseeds.org\/de\/","name":"Save Our Seeds","description":"","publisher":{"@id":"https:\/\/www.saveourseeds.org\/de\/#organization"},"potentialAction":[{"@type":"SearchAction","target":{"@type":"EntryPoint","urlTemplate":"https:\/\/www.saveourseeds.org\/de\/?s={search_term_string}"},"query-input":{"@type":"PropertyValueSpecification","valueRequired":true,"valueName":"search_term_string"}}],"inLanguage":"de"},{"@type":"Organization","@id":"https:\/\/www.saveourseeds.org\/de\/#organization","name":"Save Our Seeds","url":"https:\/\/www.saveourseeds.org\/de\/","logo":{"@type":"ImageObject","inLanguage":"de","@id":"https:\/\/www.saveourseeds.org\/de\/#\/schema\/logo\/image\/","url":"https:\/\/www.saveourseeds.org\/wp-content\/uploads\/t3\/saveourseeds.png","contentUrl":"https:\/\/www.saveourseeds.org\/wp-content\/uploads\/t3\/saveourseeds.png","width":185,"height":96,"caption":"Save Our Seeds"},"image":{"@id":"https:\/\/www.saveourseeds.org\/de\/#\/schema\/logo\/image\/"}}]}},"_links":{"self":[{"href":"https:\/\/www.saveourseeds.org\/de\/wp-json\/wp\/v2\/pages\/4408","targetHints":{"allow":["GET"]}}],"collection":[{"href":"https:\/\/www.saveourseeds.org\/de\/wp-json\/wp\/v2\/pages"}],"about":[{"href":"https:\/\/www.saveourseeds.org\/de\/wp-json\/wp\/v2\/types\/page"}],"author":[{"embeddable":true,"href":"https:\/\/www.saveourseeds.org\/de\/wp-json\/wp\/v2\/users\/1"}],"replies":[{"embeddable":true,"href":"https:\/\/www.saveourseeds.org\/de\/wp-json\/wp\/v2\/comments?post=4408"}],"version-history":[{"count":10,"href":"https:\/\/www.saveourseeds.org\/de\/wp-json\/wp\/v2\/pages\/4408\/revisions"}],"predecessor-version":[{"id":5410,"href":"https:\/\/www.saveourseeds.org\/de\/wp-json\/wp\/v2\/pages\/4408\/revisions\/5410"}],"up":[{"embeddable":true,"href":"https:\/\/www.saveourseeds.org\/de\/wp-json\/wp\/v2\/pages\/1461"}],"wp:attachment":[{"href":"https:\/\/www.saveourseeds.org\/de\/wp-json\/wp\/v2\/media?parent=4408"}],"curies":[{"name":"wp","href":"https:\/\/api.w.org\/{rel}","templated":true}]}}