{"id":1461,"date":"2024-04-11T08:50:02","date_gmt":"2024-04-11T08:50:02","guid":{"rendered":"https:\/\/www.saveourseeds.org\/ueber-uns\/"},"modified":"2025-04-06T10:11:08","modified_gmt":"2025-04-06T10:11:08","slug":"ueber-uns","status":"publish","type":"page","link":"https:\/\/www.saveourseeds.org\/de\/ueber-uns\/","title":{"rendered":"\u00dcber uns"},"content":{"rendered":"\n<p>Saat\u00adgut ist die Grund\u00adla\u00adge unse\u00adrer Ern\u00e4h\u00adrung. Es steht am Anfang und Ende jedes Pflan\u00adzen\u00adle\u00adbens und bil\u00addet das R\u00fcck\u00adgrat der Land\u00adwirt\u00adschaft. Unse\u00adre Auf\u00adga\u00adbe ist es, die Viel\u00adfalt und den frei\u00aden Zugang zu Saat\u00adgut zu bewah\u00adren.<\/p>\n\n\n\n<p>Als Ber\u00adli\u00adner B\u00fcro der <a href=\"https:\/\/zukunftsstiftung-landwirtschaft.de\/\">Zukunfts\u00adstif\u00adtung Land\u00adwirt\u00adschaft<\/a> set\u00adzen wir uns seit 2002 f\u00fcr eine ver\u00adant\u00adwor\u00adtungs\u00advol\u00adle Regu\u00adlie\u00adrung der Gen\u00adtech\u00adnik ein. Wir k\u00e4mp\u00adfen f\u00fcr eine \u00f6ko\u00adlo\u00adgi\u00adsche, gerech\u00adte und selbst\u00adver\u00adst\u00e4nd\u00adlich gen\u00adtech\u00adnik\u00adfreie Land\u00adwirt\u00adschaft, die auf Nach\u00adhal\u00adtig\u00adkeit und Viel\u00adfalt setzt.<\/p>\n\n\n\n<p><strong>Save Our Seeds<\/strong> koor\u00addi\u00adniert die <a href=\"http:\/\/www.stop-genedrives.eu\" target=\"_blank\" rel=\"noreferrer noopener\">Stop Gene Dri\u00adve Kam\u00adpa\u00adgne<\/a> und orga\u00adni\u00adsiert die j\u00e4hr\u00adli\u00adche Kon\u00adfe\u00adrenz der <a href=\"https:\/\/www.gmo-free-regions.org\/\">Gen\u00adtech\u00adnik\u00adfrei\u00aden Regio\u00adnen Euro\u00adpas<\/a>. Unse\u00adre Arbeit kon\u00adzen\u00adtriert sich auf Lob\u00adby\u00adar\u00adbeit und die Ver\u00adnet\u00adzung der Zivil\u00adge\u00adsell\u00adschaft, ins\u00adbe\u00adson\u00adde\u00adre auf EU-Ebe\u00adne.<\/p>\n\n\n\n<p>In die\u00adser wich\u00adti\u00adgen Ver\u00adnet\u00adzungs\u00adar\u00adbeit \u201eaus der zwei\u00adten Rei\u00adhe\u201c sehen wir unse\u00adren ein\u00adzig\u00adar\u00adti\u00adgen Bei\u00adtrag: Wir f\u00f6r\u00addern eine land\u00adwirt\u00adschaft\u00adli\u00adche Pro\u00adduk\u00adti\u00adon, die \u00f6ko\u00adlo\u00adgisch, kul\u00adtu\u00adrell und wirt\u00adschaft\u00adlich zukunfts\u00adwei\u00adsend ist. Unser Ziel ist es, den Boden f\u00fcr frucht\u00adba\u00adre Debat\u00adten und die Ent\u00adwick\u00adlung einer Land\u00adwirt\u00adschaft zu berei\u00adten, die den Her\u00adaus\u00adfor\u00adde\u00adrun\u00adgen der Zukunft gewach\u00adsen ist.<\/p>\n\n\n\n<h2 class=\"wp-block-heading\">Bitte unterst\u00fctzen Sie uns<\/h2>\n\n\n\n<p>Mit Ihrer Unter\u00adst\u00fct\u00adzung k\u00f6n\u00adnen wir unse\u00adre Arbeit wei\u00adter inten\u00adsi\u00advie\u00adren, poli\u00adti\u00adsche Ent\u00adschei\u00addungs\u00adtr\u00e4\u00adger errei\u00adchen und nach\u00adhal\u00adti\u00adge Ver\u00ad\u00e4n\u00adde\u00adrun\u00adgen bewir\u00adken. Jede Spen\u00adde hilft, unse\u00adre For\u00adde\u00adrun\u00adgen auf die Agen\u00adda zu set\u00adzen, wis\u00adsen\u00adschaft\u00adlich fun\u00addier\u00adte Argu\u00admen\u00adte zu lie\u00adfern und die Gesell\u00adschaft zu sen\u00adsi\u00adbi\u00adli\u00adsie\u00adren.<\/p>\n\n\n\n<p><a href=\"https:\/\/www.saveourseeds.org\/de\/ueber-uns\/spenden\/\">Spen\u00adden Sie hier<\/a><\/p>\n\n\n\n<p><\/p>\n\n\n\n<div class=\"wp-block-buttons is-layout-flex wp-block-buttons-is-layout-flex\"><\/div>\n\n\n\n<p><\/p>\n","protected":false},"excerpt":{"rendered":"<p>Saat\u00adgut ist die Grund\u00adla\u00adge unse\u00adrer Ern\u00e4h\u00adrung. Es steht am Anfang und Ende jedes Pflan\u00adzen\u00adle\u00adbens und bil\u00addet das R\u00fcck\u00adgrat der Land\u00adwirt\u00adschaft. Unse\u00adre Auf\u00adga\u00adbe ist es, die Viel\u00adfalt und den frei\u00aden Zugang zu Saat\u00adgut zu bewah\u00adren. Als Ber\u00adli\u00adner B\u00fcro der Zukunfts\u00adstif\u00adtung Land\u00adwirt\u00adschaft set\u00adzen wir uns seit 2002 f\u00fcr eine ver\u00adant\u00adwor\u00adtungs\u00advol\u00adle Regu\u00adlie\u00adrung der Gen\u00adtech\u00adnik ein. Wir k\u00e4mp\u00adfen f\u00fcr eine \u00f6ko\u00adlo\u00adgi\u00adsche, gerech\u00adte und selbst\u00adver\u00adst\u00e4nd\u00adlich\u2026<\/p>\n","protected":false},"author":1,"featured_media":0,"parent":0,"menu_order":5,"comment_status":"closed","ping_status":"closed","template":"","meta":{"wp_typography_post_enhancements_disabled":false,"footnotes":""},"class_list":["post-1461","page","type-page","status-publish","hentry"],"yoast_head":"<!-- This site is optimized with the Yoast SEO Premium plugin v26.5 (Yoast SEO v26.5) - https:\/\/yoast.com\/wordpress\/plugins\/seo\/ -->\n<title>\u00dcber uns - Save Our Seeds<\/title>\n<meta name=\"description\" content=\"Saatgut ist die Grundlage unserer Ern\u00e4hrung. Es steht am Anfang und Ende jedes Pflanzenlebens und bildet das R\u00fcckgrat der Landwirtschaft. Unsere Aufgabe\" \/>\n<meta name=\"robots\" content=\"index, follow, max-snippet:-1, max-image-preview:large, max-video-preview:-1\" \/>\n<link rel=\"canonical\" href=\"https:\/\/www.saveourseeds.org\/de\/ueber-uns\/\" \/>\n<meta property=\"og:locale\" content=\"de_DE\" \/>\n<meta property=\"og:type\" content=\"article\" \/>\n<meta property=\"og:title\" content=\"\u00dcber uns\" \/>\n<meta property=\"og:description\" content=\"Saatgut ist die Grundlage unserer Ern\u00e4hrung. Es steht am Anfang und Ende jedes Pflanzenlebens und bildet das R\u00fcckgrat der Landwirtschaft. Unsere Aufgabe\" \/>\n<meta property=\"og:url\" content=\"https:\/\/www.saveourseeds.org\/de\/ueber-uns\/\" \/>\n<meta property=\"og:site_name\" content=\"Save Our Seeds\" \/>\n<meta property=\"article:modified_time\" content=\"2025-04-06T10:11:08+00:00\" \/>\n<meta name=\"twitter:card\" content=\"summary_large_image\" \/>\n<meta name=\"twitter:label1\" content=\"Gesch\u00e4tzte Lesezeit\" \/>\n\t<meta name=\"twitter:data1\" content=\"2\u00a0Minuten\" \/>\n<script type=\"application\/ld+json\" class=\"yoast-schema-graph\">{\"@context\":\"https:\/\/schema.org\",\"@graph\":[{\"@type\":\"WebPage\",\"@id\":\"https:\/\/www.saveourseeds.org\/de\/ueber-uns\/\",\"url\":\"https:\/\/www.saveourseeds.org\/de\/ueber-uns\/\",\"name\":\"\u00dcber uns - Save Our Seeds\",\"isPartOf\":{\"@id\":\"https:\/\/www.saveourseeds.org\/de\/#website\"},\"datePublished\":\"2024-04-11T08:50:02+00:00\",\"dateModified\":\"2025-04-06T10:11:08+00:00\",\"description\":\"Saatgut ist die Grundlage unserer Ern\u00e4hrung. Es steht am Anfang und Ende jedes Pflanzenlebens und bildet das R\u00fcckgrat der Landwirtschaft. Unsere Aufgabe\",\"breadcrumb\":{\"@id\":\"https:\/\/www.saveourseeds.org\/de\/ueber-uns\/#breadcrumb\"},\"inLanguage\":\"de\",\"potentialAction\":[{\"@type\":\"ReadAction\",\"target\":[\"https:\/\/www.saveourseeds.org\/de\/ueber-uns\/\"]}]},{\"@type\":\"BreadcrumbList\",\"@id\":\"https:\/\/www.saveourseeds.org\/de\/ueber-uns\/#breadcrumb\",\"itemListElement\":[{\"@type\":\"ListItem\",\"position\":1,\"name\":\"Home\",\"item\":\"https:\/\/www.saveourseeds.org\/de\/\"},{\"@type\":\"ListItem\",\"position\":2,\"name\":\"\u00dcber uns\"}]},{\"@type\":\"WebSite\",\"@id\":\"https:\/\/www.saveourseeds.org\/de\/#website\",\"url\":\"https:\/\/www.saveourseeds.org\/de\/\",\"name\":\"Save Our Seeds\",\"description\":\"\",\"publisher\":{\"@id\":\"https:\/\/www.saveourseeds.org\/de\/#organization\"},\"potentialAction\":[{\"@type\":\"SearchAction\",\"target\":{\"@type\":\"EntryPoint\",\"urlTemplate\":\"https:\/\/www.saveourseeds.org\/de\/?s={search_term_string}\"},\"query-input\":{\"@type\":\"PropertyValueSpecification\",\"valueRequired\":true,\"valueName\":\"search_term_string\"}}],\"inLanguage\":\"de\"},{\"@type\":\"Organization\",\"@id\":\"https:\/\/www.saveourseeds.org\/de\/#organization\",\"name\":\"Save Our Seeds\",\"url\":\"https:\/\/www.saveourseeds.org\/de\/\",\"logo\":{\"@type\":\"ImageObject\",\"inLanguage\":\"de\",\"@id\":\"https:\/\/www.saveourseeds.org\/de\/#\/schema\/logo\/image\/\",\"url\":\"https:\/\/www.saveourseeds.org\/wp-content\/uploads\/t3\/saveourseeds.png\",\"contentUrl\":\"https:\/\/www.saveourseeds.org\/wp-content\/uploads\/t3\/saveourseeds.png\",\"width\":185,\"height\":96,\"caption\":\"Save Our Seeds\"},\"image\":{\"@id\":\"https:\/\/www.saveourseeds.org\/de\/#\/schema\/logo\/image\/\"}}]}<\/script>\n<!-- \/ Yoast SEO Premium plugin. -->","yoast_head_json":{"title":"\u00dcber uns - Save Our Seeds","description":"Saatgut ist die Grundlage unserer Ern\u00e4hrung. Es steht am Anfang und Ende jedes Pflanzenlebens und bildet das R\u00fcckgrat der Landwirtschaft. Unsere Aufgabe","robots":{"index":"index","follow":"follow","max-snippet":"max-snippet:-1","max-image-preview":"max-image-preview:large","max-video-preview":"max-video-preview:-1"},"canonical":"https:\/\/www.saveourseeds.org\/de\/ueber-uns\/","og_locale":"de_DE","og_type":"article","og_title":"\u00dcber uns","og_description":"Saatgut ist die Grundlage unserer Ern\u00e4hrung. Es steht am Anfang und Ende jedes Pflanzenlebens und bildet das R\u00fcckgrat der Landwirtschaft. Unsere Aufgabe","og_url":"https:\/\/www.saveourseeds.org\/de\/ueber-uns\/","og_site_name":"Save Our Seeds","article_modified_time":"2025-04-06T10:11:08+00:00","twitter_card":"summary_large_image","twitter_misc":{"Gesch\u00e4tzte Lesezeit":"2\u00a0Minuten"},"schema":{"@context":"https:\/\/schema.org","@graph":[{"@type":"WebPage","@id":"https:\/\/www.saveourseeds.org\/de\/ueber-uns\/","url":"https:\/\/www.saveourseeds.org\/de\/ueber-uns\/","name":"\u00dcber uns - Save Our Seeds","isPartOf":{"@id":"https:\/\/www.saveourseeds.org\/de\/#website"},"datePublished":"2024-04-11T08:50:02+00:00","dateModified":"2025-04-06T10:11:08+00:00","description":"Saatgut ist die Grundlage unserer Ern\u00e4hrung. Es steht am Anfang und Ende jedes Pflanzenlebens und bildet das R\u00fcckgrat der Landwirtschaft. Unsere Aufgabe","breadcrumb":{"@id":"https:\/\/www.saveourseeds.org\/de\/ueber-uns\/#breadcrumb"},"inLanguage":"de","potentialAction":[{"@type":"ReadAction","target":["https:\/\/www.saveourseeds.org\/de\/ueber-uns\/"]}]},{"@type":"BreadcrumbList","@id":"https:\/\/www.saveourseeds.org\/de\/ueber-uns\/#breadcrumb","itemListElement":[{"@type":"ListItem","position":1,"name":"Home","item":"https:\/\/www.saveourseeds.org\/de\/"},{"@type":"ListItem","position":2,"name":"\u00dcber uns"}]},{"@type":"WebSite","@id":"https:\/\/www.saveourseeds.org\/de\/#website","url":"https:\/\/www.saveourseeds.org\/de\/","name":"Save Our Seeds","description":"","publisher":{"@id":"https:\/\/www.saveourseeds.org\/de\/#organization"},"potentialAction":[{"@type":"SearchAction","target":{"@type":"EntryPoint","urlTemplate":"https:\/\/www.saveourseeds.org\/de\/?s={search_term_string}"},"query-input":{"@type":"PropertyValueSpecification","valueRequired":true,"valueName":"search_term_string"}}],"inLanguage":"de"},{"@type":"Organization","@id":"https:\/\/www.saveourseeds.org\/de\/#organization","name":"Save Our Seeds","url":"https:\/\/www.saveourseeds.org\/de\/","logo":{"@type":"ImageObject","inLanguage":"de","@id":"https:\/\/www.saveourseeds.org\/de\/#\/schema\/logo\/image\/","url":"https:\/\/www.saveourseeds.org\/wp-content\/uploads\/t3\/saveourseeds.png","contentUrl":"https:\/\/www.saveourseeds.org\/wp-content\/uploads\/t3\/saveourseeds.png","width":185,"height":96,"caption":"Save Our Seeds"},"image":{"@id":"https:\/\/www.saveourseeds.org\/de\/#\/schema\/logo\/image\/"}}]}},"_links":{"self":[{"href":"https:\/\/www.saveourseeds.org\/de\/wp-json\/wp\/v2\/pages\/1461","targetHints":{"allow":["GET"]}}],"collection":[{"href":"https:\/\/www.saveourseeds.org\/de\/wp-json\/wp\/v2\/pages"}],"about":[{"href":"https:\/\/www.saveourseeds.org\/de\/wp-json\/wp\/v2\/types\/page"}],"author":[{"embeddable":true,"href":"https:\/\/www.saveourseeds.org\/de\/wp-json\/wp\/v2\/users\/1"}],"replies":[{"embeddable":true,"href":"https:\/\/www.saveourseeds.org\/de\/wp-json\/wp\/v2\/comments?post=1461"}],"version-history":[{"count":15,"href":"https:\/\/www.saveourseeds.org\/de\/wp-json\/wp\/v2\/pages\/1461\/revisions"}],"predecessor-version":[{"id":5096,"href":"https:\/\/www.saveourseeds.org\/de\/wp-json\/wp\/v2\/pages\/1461\/revisions\/5096"}],"wp:attachment":[{"href":"https:\/\/www.saveourseeds.org\/de\/wp-json\/wp\/v2\/media?parent=1461"}],"curies":[{"name":"wp","href":"https:\/\/api.w.org\/{rel}","templated":true}]}}