{"id":1432,"date":"2024-04-11T08:50:02","date_gmt":"2024-04-11T08:50:02","guid":{"rendered":"https:\/\/www.saveourseeds.org\/spenden\/"},"modified":"2026-02-09T13:02:36","modified_gmt":"2026-02-09T13:02:36","slug":"spenden","status":"publish","type":"page","link":"https:\/\/www.saveourseeds.org\/de\/ueber-uns\/spenden\/","title":{"rendered":"Spenden"},"content":{"rendered":"\n<p>Sie sch\u00e4t\u00adzen unse\u00adre Arbeit und m\u00f6ch\u00adten uns unter\u00adst\u00fct\u00adzen? Wir freu\u00aden uns \u00fcber jede Spen\u00adde.<\/p>\n\n\n\n<h2 class=\"wp-block-heading\" id=\"h-uberweisen-sie-eine-spende\">\u00dcberweisen Sie eine Spende <\/h2>\n\n\n\n<p>Emp\u00adf\u00e4n\u00adger: Zukunfts\u00adstif\u00adtung Land\u00adwirt\u00adschaft<br>GLS Gemein\u00adschafts\u00adbank Bochum<br>Kon\u00adto Nr.:&nbsp;&nbsp; 30 00 54 14<br>BLZ: &nbsp; &nbsp; &nbsp; &nbsp; &nbsp;&nbsp;&nbsp; 430 609 67<br>IBAN:&nbsp;&nbsp;&nbsp;&nbsp; &nbsp; &nbsp;&nbsp; &nbsp;DE23 4306 0967 0030 0054 14<br>BIC:&nbsp;&nbsp;&nbsp;&nbsp;&nbsp; &nbsp; &nbsp;&nbsp;&nbsp; &nbsp; GENODEM1GLS<br>Stich\u00adwort: Save Our Seeds<\/p>\n\n\n\n<p><\/p>\n","protected":false},"excerpt":{"rendered":"<p>Sie sch\u00e4t\u00adzen unse\u00adre Arbeit und m\u00f6ch\u00adten uns unter\u00adst\u00fct\u00adzen? Wir freu\u00aden uns \u00fcber jede Spen\u00adde. \u00dcber\u00adwei\u00adsen Sie eine Spen\u00adde Emp\u00adf\u00e4n\u00adger: Zukunfts\u00adstif\u00adtung Land\u00adwirt\u00adschaftGLS Gemein\u00adschafts\u00adbank BochumKon\u00adto Nr.:&nbsp;&nbsp; 30 00 54 14BLZ: &nbsp; &nbsp; &nbsp; &nbsp; &nbsp;&nbsp;&nbsp; 430 609 67IBAN:&nbsp;&nbsp;&nbsp;&nbsp; &nbsp; &nbsp;&nbsp; &nbsp;DE23 4306 0967 0030 0054 14BIC:&nbsp;&nbsp;&nbsp;&nbsp;&nbsp; &nbsp; &nbsp;&nbsp;&nbsp; &nbsp; GENODEM1GLSStich\u00adwort: Save Our Seeds<\/p>\n","protected":false},"author":1,"featured_media":0,"parent":1461,"menu_order":4,"comment_status":"closed","ping_status":"closed","template":"","meta":{"wp_typography_post_enhancements_disabled":false,"footnotes":""},"class_list":["post-1432","page","type-page","status-publish","hentry"],"yoast_head":"<!-- This site is optimized with the Yoast SEO Premium plugin v26.5 (Yoast SEO v26.5) - https:\/\/yoast.com\/wordpress\/plugins\/seo\/ -->\n<title>Spenden - Save Our Seeds<\/title>\n<meta name=\"description\" content=\"Sie sch\u00e4tzen unsere Arbeit und m\u00f6chten uns unterst\u00fctzen? Wir freuen uns \u00fcber jede Spende. \u00dcberweisen Sie eine Spende Empf\u00e4nger: Zukunftsstiftung\" \/>\n<meta name=\"robots\" content=\"index, follow, max-snippet:-1, max-image-preview:large, max-video-preview:-1\" \/>\n<link rel=\"canonical\" href=\"https:\/\/www.saveourseeds.org\/de\/ueber-uns\/spenden\/\" \/>\n<meta property=\"og:locale\" content=\"de_DE\" \/>\n<meta property=\"og:type\" content=\"article\" \/>\n<meta property=\"og:title\" content=\"Spenden\" \/>\n<meta property=\"og:description\" content=\"Sie sch\u00e4tzen unsere Arbeit und m\u00f6chten uns unterst\u00fctzen? Wir freuen uns \u00fcber jede Spende. \u00dcberweisen Sie eine Spende Empf\u00e4nger: Zukunftsstiftung\" \/>\n<meta property=\"og:url\" content=\"https:\/\/www.saveourseeds.org\/de\/ueber-uns\/spenden\/\" \/>\n<meta property=\"og:site_name\" content=\"Save Our Seeds\" \/>\n<meta property=\"article:modified_time\" content=\"2026-02-09T13:02:36+00:00\" \/>\n<meta name=\"twitter:card\" content=\"summary_large_image\" \/>\n<meta name=\"twitter:label1\" content=\"Gesch\u00e4tzte Lesezeit\" \/>\n\t<meta name=\"twitter:data1\" content=\"1\u00a0Minute\" \/>\n<script type=\"application\/ld+json\" class=\"yoast-schema-graph\">{\"@context\":\"https:\/\/schema.org\",\"@graph\":[{\"@type\":\"WebPage\",\"@id\":\"https:\/\/www.saveourseeds.org\/de\/ueber-uns\/spenden\/\",\"url\":\"https:\/\/www.saveourseeds.org\/de\/ueber-uns\/spenden\/\",\"name\":\"Spenden - Save Our Seeds\",\"isPartOf\":{\"@id\":\"https:\/\/www.saveourseeds.org\/de\/#website\"},\"datePublished\":\"2024-04-11T08:50:02+00:00\",\"dateModified\":\"2026-02-09T13:02:36+00:00\",\"description\":\"Sie sch\u00e4tzen unsere Arbeit und m\u00f6chten uns unterst\u00fctzen? Wir freuen uns \u00fcber jede Spende. \u00dcberweisen Sie eine Spende Empf\u00e4nger: Zukunftsstiftung\",\"breadcrumb\":{\"@id\":\"https:\/\/www.saveourseeds.org\/de\/ueber-uns\/spenden\/#breadcrumb\"},\"inLanguage\":\"de\",\"potentialAction\":[{\"@type\":\"ReadAction\",\"target\":[\"https:\/\/www.saveourseeds.org\/de\/ueber-uns\/spenden\/\"]}]},{\"@type\":\"BreadcrumbList\",\"@id\":\"https:\/\/www.saveourseeds.org\/de\/ueber-uns\/spenden\/#breadcrumb\",\"itemListElement\":[{\"@type\":\"ListItem\",\"position\":1,\"name\":\"Home\",\"item\":\"https:\/\/www.saveourseeds.org\/de\/\"},{\"@type\":\"ListItem\",\"position\":2,\"name\":\"\u00dcber uns\",\"item\":\"https:\/\/www.saveourseeds.org\/de\/ueber-uns\/\"},{\"@type\":\"ListItem\",\"position\":3,\"name\":\"Spenden\"}]},{\"@type\":\"WebSite\",\"@id\":\"https:\/\/www.saveourseeds.org\/de\/#website\",\"url\":\"https:\/\/www.saveourseeds.org\/de\/\",\"name\":\"Save Our Seeds\",\"description\":\"\",\"publisher\":{\"@id\":\"https:\/\/www.saveourseeds.org\/de\/#organization\"},\"potentialAction\":[{\"@type\":\"SearchAction\",\"target\":{\"@type\":\"EntryPoint\",\"urlTemplate\":\"https:\/\/www.saveourseeds.org\/de\/?s={search_term_string}\"},\"query-input\":{\"@type\":\"PropertyValueSpecification\",\"valueRequired\":true,\"valueName\":\"search_term_string\"}}],\"inLanguage\":\"de\"},{\"@type\":\"Organization\",\"@id\":\"https:\/\/www.saveourseeds.org\/de\/#organization\",\"name\":\"Save Our Seeds\",\"url\":\"https:\/\/www.saveourseeds.org\/de\/\",\"logo\":{\"@type\":\"ImageObject\",\"inLanguage\":\"de\",\"@id\":\"https:\/\/www.saveourseeds.org\/de\/#\/schema\/logo\/image\/\",\"url\":\"https:\/\/www.saveourseeds.org\/wp-content\/uploads\/t3\/saveourseeds.png\",\"contentUrl\":\"https:\/\/www.saveourseeds.org\/wp-content\/uploads\/t3\/saveourseeds.png\",\"width\":185,\"height\":96,\"caption\":\"Save Our Seeds\"},\"image\":{\"@id\":\"https:\/\/www.saveourseeds.org\/de\/#\/schema\/logo\/image\/\"}}]}<\/script>\n<!-- \/ Yoast SEO Premium plugin. -->","yoast_head_json":{"title":"Spenden - Save Our Seeds","description":"Sie sch\u00e4tzen unsere Arbeit und m\u00f6chten uns unterst\u00fctzen? Wir freuen uns \u00fcber jede Spende. \u00dcberweisen Sie eine Spende Empf\u00e4nger: Zukunftsstiftung","robots":{"index":"index","follow":"follow","max-snippet":"max-snippet:-1","max-image-preview":"max-image-preview:large","max-video-preview":"max-video-preview:-1"},"canonical":"https:\/\/www.saveourseeds.org\/de\/ueber-uns\/spenden\/","og_locale":"de_DE","og_type":"article","og_title":"Spenden","og_description":"Sie sch\u00e4tzen unsere Arbeit und m\u00f6chten uns unterst\u00fctzen? Wir freuen uns \u00fcber jede Spende. \u00dcberweisen Sie eine Spende Empf\u00e4nger: Zukunftsstiftung","og_url":"https:\/\/www.saveourseeds.org\/de\/ueber-uns\/spenden\/","og_site_name":"Save Our Seeds","article_modified_time":"2026-02-09T13:02:36+00:00","twitter_card":"summary_large_image","twitter_misc":{"Gesch\u00e4tzte Lesezeit":"1\u00a0Minute"},"schema":{"@context":"https:\/\/schema.org","@graph":[{"@type":"WebPage","@id":"https:\/\/www.saveourseeds.org\/de\/ueber-uns\/spenden\/","url":"https:\/\/www.saveourseeds.org\/de\/ueber-uns\/spenden\/","name":"Spenden - Save Our Seeds","isPartOf":{"@id":"https:\/\/www.saveourseeds.org\/de\/#website"},"datePublished":"2024-04-11T08:50:02+00:00","dateModified":"2026-02-09T13:02:36+00:00","description":"Sie sch\u00e4tzen unsere Arbeit und m\u00f6chten uns unterst\u00fctzen? Wir freuen uns \u00fcber jede Spende. \u00dcberweisen Sie eine Spende Empf\u00e4nger: Zukunftsstiftung","breadcrumb":{"@id":"https:\/\/www.saveourseeds.org\/de\/ueber-uns\/spenden\/#breadcrumb"},"inLanguage":"de","potentialAction":[{"@type":"ReadAction","target":["https:\/\/www.saveourseeds.org\/de\/ueber-uns\/spenden\/"]}]},{"@type":"BreadcrumbList","@id":"https:\/\/www.saveourseeds.org\/de\/ueber-uns\/spenden\/#breadcrumb","itemListElement":[{"@type":"ListItem","position":1,"name":"Home","item":"https:\/\/www.saveourseeds.org\/de\/"},{"@type":"ListItem","position":2,"name":"\u00dcber uns","item":"https:\/\/www.saveourseeds.org\/de\/ueber-uns\/"},{"@type":"ListItem","position":3,"name":"Spenden"}]},{"@type":"WebSite","@id":"https:\/\/www.saveourseeds.org\/de\/#website","url":"https:\/\/www.saveourseeds.org\/de\/","name":"Save Our Seeds","description":"","publisher":{"@id":"https:\/\/www.saveourseeds.org\/de\/#organization"},"potentialAction":[{"@type":"SearchAction","target":{"@type":"EntryPoint","urlTemplate":"https:\/\/www.saveourseeds.org\/de\/?s={search_term_string}"},"query-input":{"@type":"PropertyValueSpecification","valueRequired":true,"valueName":"search_term_string"}}],"inLanguage":"de"},{"@type":"Organization","@id":"https:\/\/www.saveourseeds.org\/de\/#organization","name":"Save Our Seeds","url":"https:\/\/www.saveourseeds.org\/de\/","logo":{"@type":"ImageObject","inLanguage":"de","@id":"https:\/\/www.saveourseeds.org\/de\/#\/schema\/logo\/image\/","url":"https:\/\/www.saveourseeds.org\/wp-content\/uploads\/t3\/saveourseeds.png","contentUrl":"https:\/\/www.saveourseeds.org\/wp-content\/uploads\/t3\/saveourseeds.png","width":185,"height":96,"caption":"Save Our Seeds"},"image":{"@id":"https:\/\/www.saveourseeds.org\/de\/#\/schema\/logo\/image\/"}}]}},"_links":{"self":[{"href":"https:\/\/www.saveourseeds.org\/de\/wp-json\/wp\/v2\/pages\/1432","targetHints":{"allow":["GET"]}}],"collection":[{"href":"https:\/\/www.saveourseeds.org\/de\/wp-json\/wp\/v2\/pages"}],"about":[{"href":"https:\/\/www.saveourseeds.org\/de\/wp-json\/wp\/v2\/types\/page"}],"author":[{"embeddable":true,"href":"https:\/\/www.saveourseeds.org\/de\/wp-json\/wp\/v2\/users\/1"}],"replies":[{"embeddable":true,"href":"https:\/\/www.saveourseeds.org\/de\/wp-json\/wp\/v2\/comments?post=1432"}],"version-history":[{"count":16,"href":"https:\/\/www.saveourseeds.org\/de\/wp-json\/wp\/v2\/pages\/1432\/revisions"}],"predecessor-version":[{"id":6224,"href":"https:\/\/www.saveourseeds.org\/de\/wp-json\/wp\/v2\/pages\/1432\/revisions\/6224"}],"up":[{"embeddable":true,"href":"https:\/\/www.saveourseeds.org\/de\/wp-json\/wp\/v2\/pages\/1461"}],"wp:attachment":[{"href":"https:\/\/www.saveourseeds.org\/de\/wp-json\/wp\/v2\/media?parent=1432"}],"curies":[{"name":"wp","href":"https:\/\/api.w.org\/{rel}","templated":true}]}}